{"id":1982,"date":"2025-02-28T10:58:17","date_gmt":"2025-02-28T09:58:17","guid":{"rendered":"https:\/\/wattio.net\/contact-individuals\/"},"modified":"2025-03-08T09:00:14","modified_gmt":"2025-03-08T08:00:14","slug":"contact-individuals","status":"publish","type":"page","link":"https:\/\/wattio.net\/en\/contact-individuals\/","title":{"rendered":"Contact Individuals"},"content":{"rendered":"\t\t<div data-elementor-type=\"wp-page\" data-elementor-id=\"1982\" class=\"elementor elementor-1982 elementor-1705\" data-elementor-settings=\"{&quot;ha_cmc_init_switcher&quot;:&quot;no&quot;}\">\n\t\t\t\t\t\t<section class=\"elementor-section elementor-top-section elementor-element elementor-element-bb86763 elementor-section-stretched elementor-section-full_width cspt-col-stretched-none cspt-bg-color-over-image elementor-section-height-default elementor-section-height-default\" data-id=\"bb86763\" data-element_type=\"section\" data-settings=\"{&quot;stretch_section&quot;:&quot;section-stretched&quot;,&quot;_ha_eqh_enable&quot;:false}\">\n\t\t\t\t\t\t<div class=\"elementor-container elementor-column-gap-default\">\n\t\t\t\t\t<div class=\"elementor-column elementor-col-100 elementor-top-column elementor-element elementor-element-7d4b08b3 cspt-bg-color-over-image\" data-id=\"7d4b08b3\" data-element_type=\"column\">\n\t\t\t<div class=\"elementor-widget-wrap elementor-element-populated\">\n\t\t\t\t\t\t<div class=\"elementor-element elementor-element-5f9cc1d8 elementor-widget elementor-widget-google_maps\" data-id=\"5f9cc1d8\" data-element_type=\"widget\" data-widget_type=\"google_maps.default\">\n\t\t\t\t<div class=\"elementor-widget-container\">\n\t\t\t\t\t\t\t<div class=\"elementor-custom-embed\">\n\t\t\t<iframe loading=\"lazy\"\n\t\t\t\t\tdata-src=\"https:\/\/maps.google.com\/maps?q=Alcoy%2C%20Alicante&#038;t=m&#038;z=10&#038;output=embed&#038;iwloc=near\"\n\t\t\t\t\ttitle=\"Alcoy, Alicante\"\n\t\t\t\t\taria-label=\"Alcoy, Alicante\"\n\t\t\t src=\"data:image\/gif;base64,R0lGODlhAQABAAAAACH5BAEKAAEALAAAAAABAAEAAAICTAEAOw==\" class=\"lazyload\" data-load-mode=\"1\"><\/iframe>\n\t\t<\/div>\n\t\t\t\t\t\t<\/div>\n\t\t\t\t<\/div>\n\t\t\t\t\t<\/div>\n\t\t<\/div>\n\t\t\t\t\t<\/div>\n\t\t<\/section>\n\t\t\t\t<section class=\"elementor-section elementor-top-section elementor-element elementor-element-7cebed9b cspt-col-stretched-none cspt-bg-color-over-image elementor-section-boxed elementor-section-height-default elementor-section-height-default\" data-id=\"7cebed9b\" data-element_type=\"section\" data-settings=\"{&quot;_ha_eqh_enable&quot;:false}\">\n\t\t\t\t\t\t<div class=\"elementor-container elementor-column-gap-no\">\n\t\t\t\t\t<div class=\"elementor-column elementor-col-100 elementor-top-column elementor-element elementor-element-36d14e47 cspt-bg-color-over-image\" data-id=\"36d14e47\" data-element_type=\"column\">\n\t\t\t<div class=\"elementor-widget-wrap elementor-element-populated\">\n\t\t\t\t\t\t<section class=\"elementor-section elementor-inner-section elementor-element elementor-element-2cfb2c84 cspt-col-stretched-none cspt-bg-color-over-image elementor-section-boxed elementor-section-height-default elementor-section-height-default\" data-id=\"2cfb2c84\" data-element_type=\"section\" data-settings=\"{&quot;_ha_eqh_enable&quot;:false}\">\n\t\t\t\t\t\t<div class=\"elementor-container elementor-column-gap-default\">\n\t\t\t\t\t<div class=\"elementor-column elementor-col-50 elementor-inner-column elementor-element elementor-element-2b96f888 cspt-bg-color-yes cspt-elementor-bg-color-globalcolor cspt-text-color-white cspt-bg-color-over-image\" data-id=\"2b96f888\" data-element_type=\"column\">\n\t\t\t<div class=\"elementor-widget-wrap elementor-element-populated\">\n\t\t\t\t\t\t<div class=\"elementor-element elementor-element-356a46df elementor-widget elementor-widget-heading\" data-id=\"356a46df\" data-element_type=\"widget\" data-widget_type=\"heading.default\">\n\t\t\t\t<div class=\"elementor-widget-container\">\n\t\t\t\t\t<h2 class=\"elementor-heading-title elementor-size-default\">Shall we start?<\/h2>\t\t\t\t<\/div>\n\t\t\t\t<\/div>\n\t\t\t\t<div class=\"elementor-element elementor-element-57f56889 elementor-widget elementor-widget-heading\" data-id=\"57f56889\" data-element_type=\"widget\" data-widget_type=\"heading.default\">\n\t\t\t\t<div class=\"elementor-widget-container\">\n\t\t\t\t\t<h2 class=\"elementor-heading-title elementor-size-default\">Email<\/h2>\t\t\t\t<\/div>\n\t\t\t\t<\/div>\n\t\t\t\t<div class=\"elementor-element elementor-element-9ed8f8f elementor-widget elementor-widget-text-editor\" data-id=\"9ed8f8f\" data-element_type=\"widget\" data-widget_type=\"text-editor.default\">\n\t\t\t\t<div class=\"elementor-widget-container\">\n\t\t\t\t\t\t\t\t\t<p>hola@wattio.net<\/p>\t\t\t\t\t\t\t\t<\/div>\n\t\t\t\t<\/div>\n\t\t\t\t\t<\/div>\n\t\t<\/div>\n\t\t\t\t<div class=\"elementor-column elementor-col-50 elementor-inner-column elementor-element elementor-element-50d1eed4 cspt-bg-color-over-image\" data-id=\"50d1eed4\" data-element_type=\"column\">\n\t\t\t<div class=\"elementor-widget-wrap elementor-element-populated\">\n\t\t\t\t\t\t<div class=\"elementor-element elementor-element-40b54e6b elementor-widget elementor-widget-heading\" data-id=\"40b54e6b\" data-element_type=\"widget\" data-widget_type=\"heading.default\">\n\t\t\t\t<div class=\"elementor-widget-container\">\n\t\t\t\t\t<h3 class=\"elementor-heading-title elementor-size-default\">Contact<\/h3>\t\t\t\t<\/div>\n\t\t\t\t<\/div>\n\t\t\t\t<div class=\"elementor-element elementor-element-67a4453 elementor-widget elementor-widget-wpforms\" data-id=\"67a4453\" data-element_type=\"widget\" data-widget_type=\"wpforms.default\">\n\t\t\t\t<div class=\"elementor-widget-container\">\n\t\t\t\t\t<div class=\"wpforms-container \" id=\"wpforms-1701\"><form id=\"wpforms-form-1701\" class=\"wpforms-validate wpforms-form wpforms-ajax-form\" data-formid=\"1701\" method=\"post\" enctype=\"multipart\/form-data\" action=\"\/en\/wp-json\/wp\/v2\/pages\/1982\" data-token=\"23a640db5291097884a76c3bf6952f97\" data-token-time=\"1778162539\"><noscript class=\"wpforms-error-noscript\">Please enable JavaScript in your browser to complete this form.<\/noscript><div class=\"wpforms-field-container\"><div id=\"wpforms-1701-field_0-container\" class=\"wpforms-field wpforms-field-name\" data-field-id=\"0\"><label class=\"wpforms-field-label\" for=\"wpforms-1701-field_0\">Name <span class=\"wpforms-required-label\">*<\/span><\/label><div class=\"wpforms-field-row wpforms-field-large\"><div class=\"wpforms-field-row-block wpforms-first wpforms-one-half\"><input type=\"text\" id=\"wpforms-1701-field_0\" class=\"wpforms-field-name-first wpforms-field-required\" name=\"wpforms[fields][0][first]\" required><label for=\"wpforms-1701-field_0\" class=\"wpforms-field-sublabel after \">Name<\/label><\/div><div class=\"wpforms-field-row-block wpforms-one-half\"><input type=\"text\" id=\"wpforms-1701-field_0-last\" class=\"wpforms-field-name-last wpforms-field-required\" name=\"wpforms[fields][0][last]\" required><label for=\"wpforms-1701-field_0-last\" class=\"wpforms-field-sublabel after \">Surname<\/label><\/div><\/div><\/div><div id=\"wpforms-1701-field_3-container\" class=\"wpforms-field wpforms-field-text wpforms-one-half wpforms-first\" data-field-id=\"3\"><label class=\"wpforms-field-label\" for=\"wpforms-1701-field_3\">Phone <span class=\"wpforms-required-label\">*<\/span><\/label><input type=\"text\" id=\"wpforms-1701-field_3\" class=\"wpforms-field-large wpforms-field-required\" name=\"wpforms[fields][3]\" required><\/div><div id=\"wpforms-1701-field_1-container\" class=\"wpforms-field wpforms-field-email wpforms-one-half\" data-field-id=\"1\"><label class=\"wpforms-field-label\" for=\"wpforms-1701-field_1\">E-mail address <span class=\"wpforms-required-label\">*<\/span><\/label><input type=\"email\" id=\"wpforms-1701-field_1\" class=\"wpforms-field-large wpforms-field-required\" name=\"wpforms[fields][1]\" spellcheck=\"false\" required><\/div><div id=\"wpforms-1701-field_5-container\" class=\"wpforms-field wpforms-field-text wpforms-one-half wpforms-first\" data-field-id=\"5\"><label class=\"wpforms-field-label\" for=\"wpforms-1701-field_5\">Town \/ City <span class=\"wpforms-required-label\">*<\/span><\/label><input type=\"text\" id=\"wpforms-1701-field_5\" class=\"wpforms-field-large wpforms-field-required\" name=\"wpforms[fields][5]\" required><\/div><div id=\"wpforms-1701-field_10-container\" class=\"wpforms-field wpforms-field-text wpforms-one-half wpforms-first\" data-field-id=\"10\"><label class=\"wpforms-field-label\" for=\"wpforms-1701-field_10\">Direcci\u00f3n <span class=\"wpforms-required-label\">*<\/span><\/label><input type=\"text\" id=\"wpforms-1701-field_10\" class=\"wpforms-field-large wpforms-field-required\" name=\"wpforms[fields][10]\" required><\/div><div id=\"wpforms-1701-field_6-container\" class=\"wpforms-field wpforms-field-text wpforms-one-half\" data-field-id=\"6\"><label class=\"wpforms-field-label\" for=\"wpforms-1701-field_6\">Zip Code <span class=\"wpforms-required-label\">*<\/span><\/label><input type=\"text\" id=\"wpforms-1701-field_6\" class=\"wpforms-field-large wpforms-field-required\" name=\"wpforms[fields][6]\" required><\/div><div id=\"wpforms-1701-field_7-container\" class=\"wpforms-field wpforms-field-select wpforms-field-select-style-classic\" data-field-id=\"7\"><label class=\"wpforms-field-label\" for=\"wpforms-1701-field_7\">Contact by:<\/label><select id=\"wpforms-1701-field_7\" class=\"wpforms-field-large\" name=\"wpforms[fields][7]\"><option value=\"Electricity rates\" >Electricity rates<\/option><option value=\"Solar panels\" >Solar panels<\/option><option value=\"Photovoltaic self-consumption\" >Photovoltaic self-consumption<\/option><option value=\"Others\" >Others<\/option><\/select><\/div><div id=\"wpforms-1701-field_2-container\" class=\"wpforms-field wpforms-field-textarea\" data-field-id=\"2\"><label class=\"wpforms-field-label\" for=\"wpforms-1701-field_2\">Anything else you would like to add?<\/label><textarea id=\"wpforms-1701-field_2\" class=\"wpforms-field-medium\" name=\"wpforms[fields][2]\" ><\/textarea><\/div><\/div><!-- .wpforms-field-container --><div class=\"wpforms-submit-container\" ><input type=\"hidden\" name=\"wpforms[id]\" value=\"1701\"><input type=\"hidden\" name=\"page_title\" value=\"\"><input type=\"hidden\" name=\"page_url\" value=\"https:\/\/wattio.net\/en\/wp-json\/wp\/v2\/pages\/1982\"><button type=\"submit\" name=\"wpforms[submit]\" id=\"wpforms-submit-1701\" class=\"wpforms-submit\" data-alt-text=\"Sending...\" data-submit-text=\"Send to\" aria-live=\"assertive\" value=\"wpforms-submit\">Send to<\/button><img decoding=\"async\" data-src=\"https:\/\/wattio.net\/wp-content\/plugins\/wpforms-lite\/assets\/images\/submit-spin.svg\" class=\"wpforms-submit-spinner lazyload\" style=\"--smush-placeholder-width: 26px; --smush-placeholder-aspect-ratio: 26\/26;display: none;\" width=\"26\" height=\"26\" alt=\"Loading\" src=\"data:image\/gif;base64,R0lGODlhAQABAAAAACH5BAEKAAEALAAAAAABAAEAAAICTAEAOw==\"><noscript><img decoding=\"async\" src=\"https:\/\/wattio.net\/wp-content\/plugins\/wpforms-lite\/assets\/images\/submit-spin.svg\" class=\"wpforms-submit-spinner\" style=\"display: none;\" width=\"26\" height=\"26\" alt=\"Loading\"><\/noscript><\/div><\/form><\/div>  <!-- .wpforms-container -->\t\t\t\t<\/div>\n\t\t\t\t<\/div>\n\t\t\t\t\t<\/div>\n\t\t<\/div>\n\t\t\t\t\t<\/div>\n\t\t<\/section>\n\t\t\t\t\t<\/div>\n\t\t<\/div>\n\t\t\t\t\t<\/div>\n\t\t<\/section>\n\t\t\t\t<section class=\"elementor-section elementor-top-section elementor-element elementor-element-1fbe01e cspt-col-stretched-none cspt-bg-color-over-image elementor-section-boxed elementor-section-height-default elementor-section-height-default\" data-id=\"1fbe01e\" data-element_type=\"section\" data-settings=\"{&quot;_ha_eqh_enable&quot;:false}\">\n\t\t\t\t\t\t<div class=\"elementor-container elementor-column-gap-default\">\n\t\t\t\t\t<div class=\"elementor-column elementor-col-100 elementor-top-column elementor-element elementor-element-92f051d cspt-bg-color-over-image\" data-id=\"92f051d\" data-element_type=\"column\">\n\t\t\t<div class=\"elementor-widget-wrap elementor-element-populated\">\n\t\t\t\t\t\t<div class=\"elementor-element elementor-element-1d05990 elementor-widget elementor-widget-spacer\" data-id=\"1d05990\" data-element_type=\"widget\" data-widget_type=\"spacer.default\">\n\t\t\t\t<div class=\"elementor-widget-container\">\n\t\t\t\t\t\t\t<div class=\"elementor-spacer\">\n\t\t\t<div class=\"elementor-spacer-inner\"><\/div>\n\t\t<\/div>\n\t\t\t\t\t\t<\/div>\n\t\t\t\t<\/div>\n\t\t\t\t<div class=\"elementor-element elementor-element-70cfbc6 elementor-widget elementor-widget-text-editor\" data-id=\"70cfbc6\" data-element_type=\"widget\" data-widget_type=\"text-editor.default\">\n\t\t\t\t<div class=\"elementor-widget-container\">\n\t\t\t\t\t\t\t\t\t<div class=\"dad65929\"><div class=\"f9bf7997 d7dc56a8 c05b5566\"><div class=\"ds-markdown ds-markdown--block\"><h2><strong>Wattio Individuals: Renewable and solar energies<\/strong><\/h2><div class=\"dad65929\"><div class=\"f9bf7997 d7dc56a8 c05b5566\"><div class=\"ds-markdown ds-markdown--block\"><p>At a time when electricity rates are reaching historic highs, <strong>Wattio<\/strong> is the perfect ally for individuals looking to reduce their electricity bills and contribute to environmental care. Specializing in renewable and solar energy, Wattio offers customized solutions for homes, allowing you to generate your own clean energy and save significantly on your electricity consumption. <\/p><p>Wattio designs and installs photovoltaic solar energy systems adapted to the needs of each home, allowing you to make the most of sunlight to produce electricity. In addition, it integrates intelligent energy management systems that help you monitor and optimize your consumption in real time. This not only allows you to save on your electricity bill, but also to reduce your dependence on fluctuations in the electricity market.  <\/p><p>One of the greatest benefits of choosing Wattio is their focus on efficiency and quality. They use state-of-the-art technology and highly durable materials, ensuring that your solar installation will be a profitable investment in the long term. In addition, their team of experts will advise you on the most suitable electricity tariffs for you, helping you to combine your solar installation with a tariff that maximizes your savings.  <\/p><p>Wattio also guides you through the process of accessing grants and subsidies available to individuals, making the transition to solar energy more accessible than ever. Whether you are looking to reduce your electric bill, increase the value of your home or simply contribute to a more sustainable future, Wattio has the ideal solution for you. <\/p><p>Don&#8217;t wait any longer to take control of your energy consumption. Contact Wattio and find out how you can take advantage of solar energy to save on your electricity bill while taking care of the planet. The future of energy is in your hands, and Wattio helps you to achieve it!  <\/p><\/div><\/div><\/div><\/div><\/div><\/div>\t\t\t\t\t\t\t\t<\/div>\n\t\t\t\t<\/div>\n\t\t\t\t\t<\/div>\n\t\t<\/div>\n\t\t\t\t\t<\/div>\n\t\t<\/section>\n\t\t\t\t<\/div>\n\t\t","protected":false},"excerpt":{"rendered":"<p>Shall we start? Email hola@wattio.net Contact Por favor, activa JavaScript en tu navegador para completar este formulario.Nombre *NombreApellidosTel\u00e9fono *Correo electr\u00f3nico *Poblaci\u00f3n \/ Ciudad *C\u00f3digo postal *Contacto por:Tarifas de la luzPaneles solaresAutoconsumo fotovoltaicoOtros\u00bfQuieres a\u00f1adir algo m\u00e1s? Enviar Wattio Individuals: Renewable and solar energies At a time when electricity rates are reaching historic highs, Wattio is the perfect ally for individuals looking to reduce their electricity bills and contribute to environmental care.[&hellip;]<\/p>\n","protected":false},"author":1,"featured_media":0,"parent":0,"menu_order":23,"comment_status":"closed","ping_status":"closed","template":"","meta":{"_acf_changed":false,"footnotes":""},"class_list":["post-1982","page","type-page","status-publish","hentry"],"acf":[],"yoast_head":"<!-- This site is optimized with the Yoast SEO plugin v22.6 - https:\/\/yoast.com\/wordpress\/plugins\/seo\/ -->\n<title>Wattio private contacts: Renewable and solar energies<\/title>\n<meta name=\"description\" content=\"Contact Wattio, experts in renewable and solar energy. Sustainable home solutions and green light tariffs.\" \/>\n<meta name=\"robots\" content=\"index, follow, max-snippet:-1, max-image-preview:large, max-video-preview:-1\" \/>\n<link rel=\"canonical\" href=\"https:\/\/wattio.net\/en\/contact-individuals\/\" \/>\n<meta property=\"og:locale\" content=\"en_US\" \/>\n<meta property=\"og:type\" content=\"article\" \/>\n<meta property=\"og:title\" content=\"Wattio private contacts: Renewable and solar energies\" \/>\n<meta property=\"og:description\" content=\"Contact Wattio, experts in renewable and solar energy. Sustainable home solutions and green light tariffs.\" \/>\n<meta property=\"og:url\" content=\"https:\/\/wattio.net\/en\/contact-individuals\/\" \/>\n<meta property=\"og:site_name\" content=\"Wattio Motor\" \/>\n<meta property=\"article:modified_time\" content=\"2025-03-08T08:00:14+00:00\" \/>\n<meta property=\"og:image\" content=\"https:\/\/wattio.net\/wp-content\/plugins\/wpforms-lite\/assets\/images\/submit-spin.svg\" \/>\n<meta name=\"twitter:card\" content=\"summary_large_image\" \/>\n<meta name=\"twitter:label1\" content=\"Est. reading time\" \/>\n\t<meta name=\"twitter:data1\" content=\"2 minutes\" \/>\n<script type=\"application\/ld+json\" class=\"yoast-schema-graph\">{\"@context\":\"https:\/\/schema.org\",\"@graph\":[{\"@type\":\"WebPage\",\"@id\":\"https:\/\/wattio.net\/en\/contact-individuals\/\",\"url\":\"https:\/\/wattio.net\/en\/contact-individuals\/\",\"name\":\"Wattio private contacts: Renewable and solar energies\",\"isPartOf\":{\"@id\":\"https:\/\/wattio.net\/en\/#website\"},\"primaryImageOfPage\":{\"@id\":\"https:\/\/wattio.net\/en\/contact-individuals\/#primaryimage\"},\"image\":{\"@id\":\"https:\/\/wattio.net\/en\/contact-individuals\/#primaryimage\"},\"thumbnailUrl\":\"https:\/\/wattio.net\/wp-content\/plugins\/wpforms-lite\/assets\/images\/submit-spin.svg\",\"datePublished\":\"2025-02-28T09:58:17+00:00\",\"dateModified\":\"2025-03-08T08:00:14+00:00\",\"description\":\"Contact Wattio, experts in renewable and solar energy. Sustainable home solutions and green light tariffs.\",\"breadcrumb\":{\"@id\":\"https:\/\/wattio.net\/en\/contact-individuals\/#breadcrumb\"},\"inLanguage\":\"en-US\",\"potentialAction\":[{\"@type\":\"ReadAction\",\"target\":[\"https:\/\/wattio.net\/en\/contact-individuals\/\"]}]},{\"@type\":\"ImageObject\",\"inLanguage\":\"en-US\",\"@id\":\"https:\/\/wattio.net\/en\/contact-individuals\/#primaryimage\",\"url\":\"https:\/\/wattio.net\/wp-content\/plugins\/wpforms-lite\/assets\/images\/submit-spin.svg\",\"contentUrl\":\"https:\/\/wattio.net\/wp-content\/plugins\/wpforms-lite\/assets\/images\/submit-spin.svg\"},{\"@type\":\"BreadcrumbList\",\"@id\":\"https:\/\/wattio.net\/en\/contact-individuals\/#breadcrumb\",\"itemListElement\":[{\"@type\":\"ListItem\",\"position\":1,\"name\":\"Portada\",\"item\":\"https:\/\/wattio.net\/en\/home-2\/\"},{\"@type\":\"ListItem\",\"position\":2,\"name\":\"Contact Individuals\"}]},{\"@type\":\"WebSite\",\"@id\":\"https:\/\/wattio.net\/en\/#website\",\"url\":\"https:\/\/wattio.net\/en\/\",\"name\":\"Wattio Motor\",\"description\":\"Energ\u00edas renovables Alicante\",\"publisher\":{\"@id\":\"https:\/\/wattio.net\/en\/#organization\"},\"potentialAction\":[{\"@type\":\"SearchAction\",\"target\":{\"@type\":\"EntryPoint\",\"urlTemplate\":\"https:\/\/wattio.net\/en\/?s={search_term_string}\"},\"query-input\":\"required name=search_term_string\"}],\"inLanguage\":\"en-US\"},{\"@type\":\"Organization\",\"@id\":\"https:\/\/wattio.net\/en\/#organization\",\"name\":\"Wattio Motor\",\"url\":\"https:\/\/wattio.net\/en\/\",\"logo\":{\"@type\":\"ImageObject\",\"inLanguage\":\"en-US\",\"@id\":\"https:\/\/wattio.net\/en\/#\/schema\/logo\/image\/\",\"url\":\"https:\/\/wattio.net\/wp-content\/uploads\/2023\/03\/Wattio.jpg\",\"contentUrl\":\"https:\/\/wattio.net\/wp-content\/uploads\/2023\/03\/Wattio.jpg\",\"width\":265,\"height\":150,\"caption\":\"Wattio Motor\"},\"image\":{\"@id\":\"https:\/\/wattio.net\/en\/#\/schema\/logo\/image\/\"}}]}<\/script>\n<!-- \/ Yoast SEO plugin. -->","yoast_head_json":{"title":"Wattio private contacts: Renewable and solar energies","description":"Contact Wattio, experts in renewable and solar energy. Sustainable home solutions and green light tariffs.","robots":{"index":"index","follow":"follow","max-snippet":"max-snippet:-1","max-image-preview":"max-image-preview:large","max-video-preview":"max-video-preview:-1"},"canonical":"https:\/\/wattio.net\/en\/contact-individuals\/","og_locale":"en_US","og_type":"article","og_title":"Wattio private contacts: Renewable and solar energies","og_description":"Contact Wattio, experts in renewable and solar energy. Sustainable home solutions and green light tariffs.","og_url":"https:\/\/wattio.net\/en\/contact-individuals\/","og_site_name":"Wattio Motor","article_modified_time":"2025-03-08T08:00:14+00:00","og_image":[{"url":"https:\/\/wattio.net\/wp-content\/plugins\/wpforms-lite\/assets\/images\/submit-spin.svg"}],"twitter_card":"summary_large_image","twitter_misc":{"Est. reading time":"2 minutes"},"schema":{"@context":"https:\/\/schema.org","@graph":[{"@type":"WebPage","@id":"https:\/\/wattio.net\/en\/contact-individuals\/","url":"https:\/\/wattio.net\/en\/contact-individuals\/","name":"Wattio private contacts: Renewable and solar energies","isPartOf":{"@id":"https:\/\/wattio.net\/en\/#website"},"primaryImageOfPage":{"@id":"https:\/\/wattio.net\/en\/contact-individuals\/#primaryimage"},"image":{"@id":"https:\/\/wattio.net\/en\/contact-individuals\/#primaryimage"},"thumbnailUrl":"https:\/\/wattio.net\/wp-content\/plugins\/wpforms-lite\/assets\/images\/submit-spin.svg","datePublished":"2025-02-28T09:58:17+00:00","dateModified":"2025-03-08T08:00:14+00:00","description":"Contact Wattio, experts in renewable and solar energy. Sustainable home solutions and green light tariffs.","breadcrumb":{"@id":"https:\/\/wattio.net\/en\/contact-individuals\/#breadcrumb"},"inLanguage":"en-US","potentialAction":[{"@type":"ReadAction","target":["https:\/\/wattio.net\/en\/contact-individuals\/"]}]},{"@type":"ImageObject","inLanguage":"en-US","@id":"https:\/\/wattio.net\/en\/contact-individuals\/#primaryimage","url":"https:\/\/wattio.net\/wp-content\/plugins\/wpforms-lite\/assets\/images\/submit-spin.svg","contentUrl":"https:\/\/wattio.net\/wp-content\/plugins\/wpforms-lite\/assets\/images\/submit-spin.svg"},{"@type":"BreadcrumbList","@id":"https:\/\/wattio.net\/en\/contact-individuals\/#breadcrumb","itemListElement":[{"@type":"ListItem","position":1,"name":"Portada","item":"https:\/\/wattio.net\/en\/home-2\/"},{"@type":"ListItem","position":2,"name":"Contact Individuals"}]},{"@type":"WebSite","@id":"https:\/\/wattio.net\/en\/#website","url":"https:\/\/wattio.net\/en\/","name":"Wattio Motor","description":"Energ\u00edas renovables Alicante","publisher":{"@id":"https:\/\/wattio.net\/en\/#organization"},"potentialAction":[{"@type":"SearchAction","target":{"@type":"EntryPoint","urlTemplate":"https:\/\/wattio.net\/en\/?s={search_term_string}"},"query-input":"required name=search_term_string"}],"inLanguage":"en-US"},{"@type":"Organization","@id":"https:\/\/wattio.net\/en\/#organization","name":"Wattio Motor","url":"https:\/\/wattio.net\/en\/","logo":{"@type":"ImageObject","inLanguage":"en-US","@id":"https:\/\/wattio.net\/en\/#\/schema\/logo\/image\/","url":"https:\/\/wattio.net\/wp-content\/uploads\/2023\/03\/Wattio.jpg","contentUrl":"https:\/\/wattio.net\/wp-content\/uploads\/2023\/03\/Wattio.jpg","width":265,"height":150,"caption":"Wattio Motor"},"image":{"@id":"https:\/\/wattio.net\/en\/#\/schema\/logo\/image\/"}}]}},"_links":{"self":[{"href":"https:\/\/wattio.net\/en\/wp-json\/wp\/v2\/pages\/1982","targetHints":{"allow":["GET"]}}],"collection":[{"href":"https:\/\/wattio.net\/en\/wp-json\/wp\/v2\/pages"}],"about":[{"href":"https:\/\/wattio.net\/en\/wp-json\/wp\/v2\/types\/page"}],"author":[{"embeddable":true,"href":"https:\/\/wattio.net\/en\/wp-json\/wp\/v2\/users\/1"}],"replies":[{"embeddable":true,"href":"https:\/\/wattio.net\/en\/wp-json\/wp\/v2\/comments?post=1982"}],"version-history":[{"count":2,"href":"https:\/\/wattio.net\/en\/wp-json\/wp\/v2\/pages\/1982\/revisions"}],"predecessor-version":[{"id":1986,"href":"https:\/\/wattio.net\/en\/wp-json\/wp\/v2\/pages\/1982\/revisions\/1986"}],"wp:attachment":[{"href":"https:\/\/wattio.net\/en\/wp-json\/wp\/v2\/media?parent=1982"}],"curies":[{"name":"wp","href":"https:\/\/api.w.org\/{rel}","templated":true}]}}